{"id":301188,"date":"2025-08-22T11:22:29","date_gmt":"2025-08-22T08:22:29","guid":{"rendered":"https:\/\/vbd.dev.sumena.ee\/?page_id=301188"},"modified":"2025-08-22T11:24:01","modified_gmt":"2025-08-22T08:24:01","slug":"arikliendile-b2b","status":"publish","type":"page","link":"https:\/\/vbd.dev.sumena.ee\/en\/arikliendile-b2b\/","title":{"rendered":"\u00c4rikliendile (B2B)"},"content":{"rendered":"<p>Kas oled v\u00e4ikepood, toitlustaja v\u00f5i kontorihaldur, kes otsib v\u00e4ikese jalaj\u00e4ljega koost\u00f6\u00f6partnerit, kellelt v\u00e4ga hea hinnaga toidu- ja tarbekaupu osta? Sumenal on Sulle lahendus. <\/p>\n\n\n\n<p>Pakume arvestatavat lisasoodustust ja tasuta alusetarnet tellimustele alates 500\u20ac (koos k\u00e4ibemaksuga). Kontoritellimustele Harjumaal pakume ka &#8220;kaup tuppa&#8221; lahendust, mille raames meie kuller toob kauba soovitud kohta ja korrusele k\u00e4tte.<\/p>\n\n\n\n<p>Personaalse pakkumise saamiseks kirjuta meie \u00e4rikliendihalduritele: <\/p>\n\n\n\n<p>Oliver Sebastian Lamp &#8211; sebastian@sumena.ee<\/p>\n\n\n\n<p>Joosep Kaljula &#8211; joosep@sumena.ee<\/p>\n\n\n\n<p><\/p>","protected":false},"excerpt":{"rendered":"<p>Kas oled v\u00e4ikepood, toitlustaja v\u00f5i kontorihaldur, kes otsib v\u00e4ikese jalaj\u00e4ljega koost\u00f6\u00f6partnerit, kellelt v\u00e4ga hea hinnaga toidu- ja tarbekaupu osta? Sumenal on Sulle lahendus. Pakume arvestatavat lisasoodustust ja tasuta alusetarnet tellimustele alates 500\u20ac (koos k\u00e4ibemaksuga). Kontoritellimustele Harjumaal pakume ka &#8220;kaup tuppa&#8221; lahendust, mille raames meie kuller toob kauba soovitud kohta ja korrusele k\u00e4tte. Personaalse pakkumise saamiseks [&hellip;]<\/p>","protected":false},"author":5,"featured_media":0,"parent":0,"menu_order":0,"comment_status":"closed","ping_status":"closed","template":"templates\/article.php","meta":{"_acf_changed":false,"footnotes":""},"class_list":["post-301188","page","type-page","status-publish","hentry"],"acf":[],"_links":{"self":[{"href":"https:\/\/vbd.dev.sumena.ee\/en\/wp-json\/wp\/v2\/pages\/301188","targetHints":{"allow":["GET"]}}],"collection":[{"href":"https:\/\/vbd.dev.sumena.ee\/en\/wp-json\/wp\/v2\/pages"}],"about":[{"href":"https:\/\/vbd.dev.sumena.ee\/en\/wp-json\/wp\/v2\/types\/page"}],"author":[{"embeddable":true,"href":"https:\/\/vbd.dev.sumena.ee\/en\/wp-json\/wp\/v2\/users\/5"}],"replies":[{"embeddable":true,"href":"https:\/\/vbd.dev.sumena.ee\/en\/wp-json\/wp\/v2\/comments?post=301188"}],"version-history":[{"count":2,"href":"https:\/\/vbd.dev.sumena.ee\/en\/wp-json\/wp\/v2\/pages\/301188\/revisions"}],"predecessor-version":[{"id":301193,"href":"https:\/\/vbd.dev.sumena.ee\/en\/wp-json\/wp\/v2\/pages\/301188\/revisions\/301193"}],"wp:attachment":[{"href":"https:\/\/vbd.dev.sumena.ee\/en\/wp-json\/wp\/v2\/media?parent=301188"}],"curies":[{"name":"wp","href":"https:\/\/api.w.org\/{rel}","templated":true}]}}