{"id":3,"date":"2022-08-31T20:24:50","date_gmt":"2022-08-31T20:24:50","guid":{"rendered":"https:\/\/test.dev.sumena.ee\/?page_id=3"},"modified":"2022-08-31T20:24:50","modified_gmt":"2022-08-31T20:24:50","slug":"privacy-policy-2","status":"publish","type":"page","link":"https:\/\/vbd.dev.sumena.ee\/en\/privacy-policy-2\/","title":{"rendered":"Privacy Policy"},"content":{"rendered":"Sumena O\u00dc privaatsuspoliitikat tutvustavad p\u00f5him\u00f5tted.\n\nKellele kohalduvad tingimused?\n\n<!-- \/wp:post-content -->\n\n<!-- wp:paragraph -->\n\nThe data protection conditions apply to all natural persons who visit the Sumena stores and website belonging to Sumena O\u00dc\u00a0<a href=\"https:\/\/www.selver.ee\/\">www.sumena.ee<\/a>\u00a0make a purchase from a Sumena store or Sumena e-store, follow Sumena's social media or send Sumena a request containing personal data by post, e-mail or telephone. The Data Protection Terms also apply to the processing of personal data of representatives of customers who are legal entities.\n\n<!-- \/wp:paragraph -->\n\n<!-- wp:paragraph -->\n\nSumena has the right to change or supplement the Data Protection Terms at any time. The applicable data protection conditions are always available on the Sumena website\u00a0<a href=\"https:\/\/test.dev.sumena.ee\/\" data-type=\"URL\" data-id=\"https:\/\/test.dev.sumena.ee\/\">www.sumena.ee<\/a>. It is also possible to familiarize yourself with the data protection conditions by contacting the customer service of the Sumena store or the Sumena data protection specialist by e-mail\u00a0<a href=\"mailto:klienditugi@sumena.ee\" data-type=\"mailto\" data-id=\"mailto:klienditugi@sumena.ee\">klienditugi@sumena.ee<\/a>.\n\n<!-- \/wp:paragraph -->\n\n<!-- wp:heading -->\n<h2>Direct marketing and personal data processing<\/h2>\n<!-- \/wp:heading -->\n\n<!-- wp:paragraph -->\n\nSumena uses the personal data entered by the buyer to process the order and send the goods to the buyer. The online store transmits personal data to companies providing transport services in order to deliver goods.\n\n<!-- \/wp:paragraph -->\n\n<!-- wp:paragraph -->\n\nThe online store sends newsletters and offers to the customer's e-mail address only if the customer has expressed his wish to do so by entering an e-mail address on the website and has indicated his wish to receive direct mail notifications.\n\n<!-- \/wp:paragraph -->\n\n<!-- wp:paragraph -->\n\nThe buyer can opt out of offers and newsletters sent to e-mail at any time by notifying us by e-mail or by following the instructions in the e-mail containing the offers.\n\n<!-- \/wp:paragraph -->\n\n<!-- wp:paragraph -->\n\nIn order to improve the quality of business and service, Sumena collects voluntary feedback from customers.\n<h2>Kliendiandmete kustutamine<\/h2>\nKui soovite oma kliendiandmeid kustutada siis kirjutage sellest klienditugi@sumena.ee meiliaadressile.\n\nKui soovite oma tellimuste ajalugu kustutada siis kirjutage sellest klienditugi@sumena.ee meiliaadressile.\n\n<!-- \/wp:paragraph -->\n\n<!-- wp:paragraph -->\n\n<!-- \/wp:paragraph -->","protected":false},"excerpt":{"rendered":"<p>Sumena O\u00dc privaatsuspoliitikat tutvustavad p\u00f5him\u00f5tted. Kellele kohalduvad tingimused? Andmekaitsetingimused kehtivad k\u00f5ikide f\u00fc\u00fcsiliste isikute suhtes, kes k\u00fclastavad Sumena O\u00dc-le kuuluvaid Sumena kauplusi ja veebilehte\u00a0www.sumena.ee\u00a0sooritavad ostu Sumena kauplusest v\u00f5i Sumena e-poest, j\u00e4lgivad Sumena sotsiaalmeediat v\u00f5i edastavad Sumenale isikuandmeid sisaldava p\u00f6\u00f6rdumise posti, e-posti v\u00f5i telefoni vahendusel. Samuti kohalduvad Andmekaitsetingimused juriidilisest isikust klientide esindajate isikuandmete t\u00f6\u00f6tlemisele. Sumenal on igal [&hellip;]<\/p>","protected":false},"author":5,"featured_media":0,"parent":0,"menu_order":0,"comment_status":"closed","ping_status":"open","template":"templates\/article.php","meta":{"_acf_changed":false,"footnotes":""},"class_list":["post-3","page","type-page","status-publish","hentry"],"acf":[],"_links":{"self":[{"href":"https:\/\/vbd.dev.sumena.ee\/en\/wp-json\/wp\/v2\/pages\/3","targetHints":{"allow":["GET"]}}],"collection":[{"href":"https:\/\/vbd.dev.sumena.ee\/en\/wp-json\/wp\/v2\/pages"}],"about":[{"href":"https:\/\/vbd.dev.sumena.ee\/en\/wp-json\/wp\/v2\/types\/page"}],"author":[{"embeddable":true,"href":"https:\/\/vbd.dev.sumena.ee\/en\/wp-json\/wp\/v2\/users\/5"}],"replies":[{"embeddable":true,"href":"https:\/\/vbd.dev.sumena.ee\/en\/wp-json\/wp\/v2\/comments?post=3"}],"version-history":[{"count":0,"href":"https:\/\/vbd.dev.sumena.ee\/en\/wp-json\/wp\/v2\/pages\/3\/revisions"}],"wp:attachment":[{"href":"https:\/\/vbd.dev.sumena.ee\/en\/wp-json\/wp\/v2\/media?parent=3"}],"curies":[{"name":"wp","href":"https:\/\/api.w.org\/{rel}","templated":true}]}}