{"id":290247,"date":"2025-07-21T20:03:39","date_gmt":"2025-07-21T17:03:39","guid":{"rendered":"https:\/\/vbd.dev.sumena.ee\/?page_id=290247"},"modified":"2025-07-21T20:09:33","modified_gmt":"2025-07-21T17:09:33","slug":"parim-enne","status":"publish","type":"page","link":"https:\/\/vbd.dev.sumena.ee\/en\/parim-enne\/","title":{"rendered":"Parim enne?"},"content":{"rendered":"<h3 class=\"wp-block-heading\">M\u00f5ista erinevust. V\u00e4henda toiduraiskamist.<\/h3>\n\n\n\n<p>Kas&nbsp;<strong>aegumiskuup\u00e4evad<\/strong>&nbsp;ajavad segadusse? Sa ei ole \u00fcksi. Paljud ajavad segamini \u201e<strong>parim enne<\/strong>\u201d ja \u201e<strong>USE BY<\/strong>\u201d t\u00e4hendust \u2013 kuid need on v\u00e4ga erinevad m\u00f5isted.<\/p>\n\n\n\n<h3 class=\"wp-block-heading\">Parim enne = Kvaliteedisoovitus<\/h3>\n\n\n\n<p><strong>BEST BEFORE<\/strong>&nbsp;kuup\u00e4ev n\u00e4itab, kui kaua s\u00e4ilitab toode oma algse&nbsp;<strong>maitse ja tekstuuri<\/strong>.&nbsp;<strong>See ei ole ohutuskuup\u00e4ev.<\/strong><\/p>\n\n\n\n<ul class=\"wp-block-list\">\n<li>Levinud kuivade ja pika s\u00e4ilivusajaga toitude puhul.<\/li>\n\n\n\n<li>\u00d5igesti s\u00e4ilitades on ohutu tarbida ka p\u00e4rast kuup\u00e4eva.<\/li>\n\n\n\n<li>Maitse v\u00f5i tekstuur v\u00f5ib veidi muutuda, aga tavaliselt on ikka hea.<\/li>\n<\/ul>\n\n\n\n<p>&nbsp;Pakume palju tooteid, mis on \u201eparim enne\u201d kuup\u00e4evast m\u00f6\u00f6das \u2013 ikka maitsvad, ikka ohutud.<\/p>\n\n\n\n<h3 class=\"wp-block-heading\">K\u00f5lblik kuni = Ohutust\u00e4htaeg<\/h3>\n\n\n\n<p><strong>K\u00f5lblik kuni<\/strong>&nbsp;kuup\u00e4ev kehtib&nbsp;<strong>kergesti riknevatele toodetele<\/strong>&nbsp;nagu piim, liha ja kala.<\/p>\n\n\n\n<ul class=\"wp-block-list\">\n<li>Toodet ei tohi p\u00e4rast seda kuup\u00e4eva s\u00fc\u00fca ega m\u00fc\u00fca.<\/li>\n\n\n\n<li>Selle eiramine t\u00e4hendab reaalset ohutusrisk.<\/li>\n<\/ul>\n\n\n\n<p>&nbsp;Me ei m\u00fc\u00fc kunagi tooteid, mille \u201ek\u00f5lblik kuni\u201d kuup\u00e4ev on m\u00f6\u00f6das.<\/p>\n\n\n\n<h3 class=\"wp-block-heading\"><\/h3>\n\n\n\n<h3 class=\"wp-block-heading\">Osta targalt. Raiska v\u00e4hem.<\/h3>\n\n\n\n<p>Valides \u201eparim enne\u201d tooteid, aitad v\u00e4hendada toiduraiskamist ja toetad teadlikumat toidus\u00fcsteemi.<\/p>","protected":false},"excerpt":{"rendered":"<p>M\u00f5ista erinevust. V\u00e4henda toiduraiskamist. Kas&nbsp;aegumiskuup\u00e4evad&nbsp;ajavad segadusse? Sa ei ole \u00fcksi. Paljud ajavad segamini \u201eparim enne\u201d ja \u201ek\u00f5lblik kuni\u201d t\u00e4hendust \u2013 kuid need on v\u00e4ga erinevad m\u00f5isted. Parim enne = Kvaliteedisoovitus Parim enne&nbsp;kuup\u00e4ev n\u00e4itab, kui kaua s\u00e4ilitab toode oma algse&nbsp;maitse ja tekstuuri.&nbsp;See ei ole ohutuskuup\u00e4ev. &nbsp;Pakume palju tooteid, mis on \u201eparim enne\u201d kuup\u00e4evast m\u00f6\u00f6das \u2013 ikka [&hellip;]<\/p>","protected":false},"author":5,"featured_media":0,"parent":0,"menu_order":0,"comment_status":"closed","ping_status":"closed","template":"templates\/article.php","meta":{"_acf_changed":false,"footnotes":""},"class_list":["post-290247","page","type-page","status-publish","hentry"],"acf":[],"_links":{"self":[{"href":"https:\/\/vbd.dev.sumena.ee\/en\/wp-json\/wp\/v2\/pages\/290247","targetHints":{"allow":["GET"]}}],"collection":[{"href":"https:\/\/vbd.dev.sumena.ee\/en\/wp-json\/wp\/v2\/pages"}],"about":[{"href":"https:\/\/vbd.dev.sumena.ee\/en\/wp-json\/wp\/v2\/types\/page"}],"author":[{"embeddable":true,"href":"https:\/\/vbd.dev.sumena.ee\/en\/wp-json\/wp\/v2\/users\/5"}],"replies":[{"embeddable":true,"href":"https:\/\/vbd.dev.sumena.ee\/en\/wp-json\/wp\/v2\/comments?post=290247"}],"version-history":[{"count":3,"href":"https:\/\/vbd.dev.sumena.ee\/en\/wp-json\/wp\/v2\/pages\/290247\/revisions"}],"predecessor-version":[{"id":290257,"href":"https:\/\/vbd.dev.sumena.ee\/en\/wp-json\/wp\/v2\/pages\/290247\/revisions\/290257"}],"wp:attachment":[{"href":"https:\/\/vbd.dev.sumena.ee\/en\/wp-json\/wp\/v2\/media?parent=290247"}],"curies":[{"name":"wp","href":"https:\/\/api.w.org\/{rel}","templated":true}]}}