{"id":290206,"date":"2025-07-15T11:00:49","date_gmt":"2025-07-15T08:00:49","guid":{"rendered":"https:\/\/test.dev.sumena.ee\/?page_id=252987"},"modified":"2025-07-23T15:50:40","modified_gmt":"2025-07-23T12:50:40","slug":"meist","status":"publish","type":"page","link":"https:\/\/vbd.dev.sumena.ee\/en\/meist\/","title":{"rendered":"Meist"},"content":{"rendered":"<p><strong>Sumena started in 2021<\/strong><br>Oma teenuste kaudu v\u00e4hendame toiduj\u00e4\u00e4tmete hulka Eestis ja samal ajal pakume oma klientidele laias valikus taskukohaseid toidu- ja tarbekaupu. Meie veebipoe valik koosneb peamiselt h\u00e4vimisohus toidukaupadest, mida ostame Eesti tootjatelt, maaletoojatelt ja hulgim\u00fc\u00fcjatelt.<\/p>\n\n\n\n<p>Sumena tegutseb p\u00f5him\u00f5ttel, et kvaliteetne toit ei tohiks raisku minna. Paljud meie tooted on l\u00e4hedal oma &#8220;parim enne&#8221; kuup\u00e4evale v\u00f5i on selle \u00fcletanud, kuid siiski t\u00e4iesti ohutud ja tarbimisk\u00f5lblikud. L\u00e4htume teadusp\u00f5hisest arusaamast, et \u201eparim enne\u201c ei t\u00e4henda \u201ehalvaks l\u00e4inud\u201c, vaid viitab pigem kvaliteedistandardile. Nii aitame pikendada toodete eluts\u00fcklit ja muuta toidutarbimise harjumusi j\u00e4tkusuutlikumaks.<\/p>\n\n\n\n<p>Lisaks toidule leiab meie valikust ka majapidamis- ja h\u00fcgieenitooteid, k\u00f5ike igap\u00e4evaeluks vajalikku \u2013 seda soodsa hinnaga ja keskkonnateadliku valikuna. Meie kliendid on inimesed, kes hindavad nii s\u00e4\u00e4stlikkust kui ka hoolimist \u2013 hoolimist oma rahakotist ja hoolimist planeedist.<\/p>\n\n\n\n<p>Tegutseme veebipoena&nbsp;<strong>sumena.ee<\/strong> ja f\u00fc\u00fcsiliste kauplustena Tallinnas, Tartus ja Kohtla-J\u00e4rvel. Pakume mugavat tellimisv\u00f5imalust \u00fcle Eesti.<\/p>\n\n\n\n<p>Sumena ei ole lihtsalt pood \u2013 oleme liikumine. Meie eesm\u00e4rk on v\u00e4hendada ressursside raiskamist, t\u00f5sta teadlikkust toiduj\u00e4\u00e4tmetest ja luua uusi v\u00e4\u00e4rtusahelaid toodetele, mis muidu j\u00e4\u00e4ksid kasutamata. Koost\u00f6\u00f6s tootjate ja tarnijatega anname kaubale teise v\u00f5imaluse.<\/p>","protected":false},"excerpt":{"rendered":"<p>Sumena sai alguse 2021. aastal.Oma teenuste kaudu v\u00e4hendame toiduj\u00e4\u00e4tmete hulka Eestis ja samal ajal pakume oma klientidele laias valikus taskukohaseid toidu- ja tarbekaupu. Meie veebipoe valik koosneb peamiselt h\u00e4vimisohus toidukaupadest, mida ostame Eesti tootjatelt, maaletoojatelt ja hulgim\u00fc\u00fcjatelt. Sumena tegutseb p\u00f5him\u00f5ttel, et kvaliteetne toit ei tohiks raisku minna. Paljud meie tooted on l\u00e4hedal oma &#8220;parim enne&#8221; [&hellip;]<\/p>","protected":false},"author":5,"featured_media":0,"parent":0,"menu_order":0,"comment_status":"closed","ping_status":"closed","template":"templates\/article.php","meta":{"_acf_changed":false,"footnotes":""},"class_list":["post-290206","page","type-page","status-publish","hentry"],"acf":[],"_links":{"self":[{"href":"https:\/\/vbd.dev.sumena.ee\/en\/wp-json\/wp\/v2\/pages\/290206","targetHints":{"allow":["GET"]}}],"collection":[{"href":"https:\/\/vbd.dev.sumena.ee\/en\/wp-json\/wp\/v2\/pages"}],"about":[{"href":"https:\/\/vbd.dev.sumena.ee\/en\/wp-json\/wp\/v2\/types\/page"}],"author":[{"embeddable":true,"href":"https:\/\/vbd.dev.sumena.ee\/en\/wp-json\/wp\/v2\/users\/5"}],"replies":[{"embeddable":true,"href":"https:\/\/vbd.dev.sumena.ee\/en\/wp-json\/wp\/v2\/comments?post=290206"}],"version-history":[{"count":5,"href":"https:\/\/vbd.dev.sumena.ee\/en\/wp-json\/wp\/v2\/pages\/290206\/revisions"}],"predecessor-version":[{"id":291010,"href":"https:\/\/vbd.dev.sumena.ee\/en\/wp-json\/wp\/v2\/pages\/290206\/revisions\/291010"}],"wp:attachment":[{"href":"https:\/\/vbd.dev.sumena.ee\/en\/wp-json\/wp\/v2\/media?parent=290206"}],"curies":[{"name":"wp","href":"https:\/\/api.w.org\/{rel}","templated":true}]}}