{"id":290205,"date":"2022-12-15T22:19:54","date_gmt":"2022-12-15T20:19:54","guid":{"rendered":"https:\/\/test.dev.sumena.ee\/?page_id=27952"},"modified":"2025-12-21T15:58:59","modified_gmt":"2025-12-21T12:58:59","slug":"tookohad-2","status":"publish","type":"page","link":"https:\/\/vbd.dev.sumena.ee\/en\/tookohad-2\/","title":{"rendered":"T\u00f6\u00f6kohad"},"content":{"rendered":"<p class=\"has-text-align-left\">Oled hakkamist t\u00e4is? Soovid areneda?<\/p>\n\n\n\n<p class=\"has-text-align-left\">Tule liitu Sumena meeskonnaga ja aita meil v\u00e4hendada toiduraiskamist Eestis!<\/p>\n\n\n\n<p class=\"has-text-align-left\">Mida me pakume?<\/p>\n\n\n\n<p class=\"has-text-align-left\">Kogenud tiimi, kes on Sulle igal sammul toeks, paindlikku t\u00f6\u00f6aega, \u00f5hukest organisatsiooni ja motiveerivat t\u00f6\u00f6tasu.<\/p>\n\n\n\n<h1 class=\"wp-block-heading\">Klienditeenindaja (Magistrali keskus, Tallinn)<\/h1>\n\n\n\n<p>Otsime klienditeenindajat meie peatselt avatavasse Magistrali keskuse kauplusse. <\/p>\n\n\n\n<p>\u2013 T\u00f6\u00f6aeg graafiku alusel.<\/p>\n\n\n\n<p>\u2013 V\u00f5imalus t\u00f6\u00f6tada osalise v\u00f5i t\u00e4ist\u00f6\u00f6ajaga. (0,8-1,0)<\/p>\n\n\n\n<p>\u2013 Ettev\u00f5ttesisesed soodustused ja arenguv\u00f5imalused.<\/p>\n\n\n\n<p>\u2013 Tunnit\u00f6\u00f6tasu alates 6,50\u20ac bruto, millele lisanduvad boonused.<\/p>\n\n\n\n<p>Kandideerimiseks saada motivatsioonikiri ja CV meiliaadressile personal@sumena.ee<\/p>\n\n\n\n<p class=\"has-text-align-left\">&nbsp;<\/p>","protected":false},"excerpt":{"rendered":"<p>Oled hakkamist t\u00e4is? Soovid areneda? Tule liitu Sumena meeskonnaga ja aita meil v\u00e4hendada toiduraiskamist Eestis! Mida me pakume? Kogenud tiimi, kes on Sulle igal sammul toeks, paindlikku t\u00f6\u00f6aega, \u00f5hukest organisatsiooni ja motiveerivat t\u00f6\u00f6tasu. Klienditeenindaja (Magistrali keskus, Tallinn) Otsime klienditeenindajat meie peatselt avatavasse Magistrali keskuse kauplusse. \u2013 T\u00f6\u00f6aeg graafiku alusel. \u2013 V\u00f5imalus t\u00f6\u00f6tada osalise v\u00f5i t\u00e4ist\u00f6\u00f6ajaga. [&hellip;]<\/p>","protected":false},"author":5,"featured_media":0,"parent":0,"menu_order":0,"comment_status":"closed","ping_status":"closed","template":"templates\/article.php","meta":{"_acf_changed":false,"footnotes":""},"class_list":["post-290205","page","type-page","status-publish","hentry"],"acf":[],"_links":{"self":[{"href":"https:\/\/vbd.dev.sumena.ee\/en\/wp-json\/wp\/v2\/pages\/290205","targetHints":{"allow":["GET"]}}],"collection":[{"href":"https:\/\/vbd.dev.sumena.ee\/en\/wp-json\/wp\/v2\/pages"}],"about":[{"href":"https:\/\/vbd.dev.sumena.ee\/en\/wp-json\/wp\/v2\/types\/page"}],"author":[{"embeddable":true,"href":"https:\/\/vbd.dev.sumena.ee\/en\/wp-json\/wp\/v2\/users\/5"}],"replies":[{"embeddable":true,"href":"https:\/\/vbd.dev.sumena.ee\/en\/wp-json\/wp\/v2\/comments?post=290205"}],"version-history":[{"count":5,"href":"https:\/\/vbd.dev.sumena.ee\/en\/wp-json\/wp\/v2\/pages\/290205\/revisions"}],"predecessor-version":[{"id":342397,"href":"https:\/\/vbd.dev.sumena.ee\/en\/wp-json\/wp\/v2\/pages\/290205\/revisions\/342397"}],"wp:attachment":[{"href":"https:\/\/vbd.dev.sumena.ee\/en\/wp-json\/wp\/v2\/media?parent=290205"}],"curies":[{"name":"wp","href":"https:\/\/api.w.org\/{rel}","templated":true}]}}