{"id":237,"date":"2022-08-14T17:15:24","date_gmt":"2022-08-14T14:15:24","guid":{"rendered":"http:\/\/localhost\/wordpress\/?page_id=237"},"modified":"2026-01-10T12:50:02","modified_gmt":"2026-01-10T09:50:02","slug":"contacts","status":"publish","type":"page","link":"https:\/\/vbd.dev.sumena.ee\/en\/contacts\/","title":{"rendered":"Kontaktid ja poed"},"content":{"rendered":"<p>Kui otsid lahendust oma k\u00fcsimusele siis meie tiim aitab teid meiliaadressil: klienditugi@sumena.ee<\/p>\n\n\n\n<p><\/p>\n\n\n\n<p><\/p>\n\n\n\n<h3 class=\"wp-block-heading\">E-poe ladu (Taevav\u00e4rava tee 6b, Rae vald) Uks nr 4<\/h3>\n\n\n\n<p>Kui valisid tarneviisiks &#8220;Tulen ise j\u00e4rgi&#8221; siis saad paki meie laost k\u00e4tte, kuid palun oota \u00e4ra e-kiri, et tellimus on komplekteeritud!<br>Opening hours:<\/p>\n\n\n\n<p>E-R 8:30-17:00<br>L-P Suletud<\/p>\n\n\n\n<h3 class=\"wp-block-heading\">Balti Jaama Turu pood (Kopli 1, Tallinn)<\/h3>\n\n\n\n<p>Come visit us at the Balti Jaama Turg!<br>Opening hours:<\/p>\n\n\n\n<p>Monday - Saturday 9:00-19:00<br>Sunday 9:00-17:00<\/p>\n\n\n\n<h3 class=\"wp-block-heading\"><strong>Veeriku pood (Vitamiini 1, Tartu)<\/strong><\/h3>\n\n\n\n<p>Asume Veeriku keskuses raudtee\/tennisekeskuse poolse sissep\u00e4\u00e4su juures.<br>Opening hours:<\/p>\n\n\n\n<p>E-L 10:00-22:00<br>P 10:00-20:00<\/p>\n\n\n\n<h3 class=\"wp-block-heading\"><strong>Vironia keskuse pood (J\u00e4rvek\u00fcla tee 50, Kohtla-J\u00e4rve)<\/strong><\/h3>\n\n\n\n<p>Opening hours:<\/p>\n\n\n\n<p>E-L 10:00-20:00<br>P 10:00-19:00<\/p>\n\n\n\n<h3 class=\"wp-block-heading\"><strong>Vesse keskuse pood (J. Smuuli tee 43, Tallinn)<\/strong><\/h3>\n\n\n\n<p>Opening hours:<\/p>\n\n\n\n<p>E-L 10:00-20:00<br>P 10:00-19:00<\/p>\n\n\n\n<h3 class=\"wp-block-heading\"><strong>Magistrali keskuse pood (S\u00f5pruse pst 201, Tallinn)<\/strong><\/h3>\n\n\n\n<p>Opening hours:<\/p>\n\n\n\n<p>E-L 10:00-20:00<br>P 10:00-19:00<\/p>\n\n\n\n<h3 class=\"wp-block-heading\"><strong>Who are we<\/strong><\/h3>\n\n\n\n<p>Sumena started in 2021<br>Oma teenuste kaudu v\u00e4hendame toiduj\u00e4\u00e4tmete hulka Eestis ja samal ajal pakume oma klientidele laias valikus taskukohaseid toidu- ja tarbekaupu.<br>Meie veebipoe valik koosneb peamiselt h\u00e4vimisohus toidukaupadest, mida ostame Eesti tootjatelt, maaletoojatelt ja hulgim\u00fc\u00fcjatelt.<\/p>\n\n\n\n<p>Together for a better world!<\/p>\n\n\n\n<h3 class=\"wp-block-heading\"><strong>Tegevjuht Joosep Kaljula<\/strong><\/h3>\n\n\n\n<p>joosep@sumena.ee<\/p>\n\n\n\n<h3 class=\"wp-block-heading\"><strong>Operatiivjuht Oliver Sebastian Lamp<\/strong><\/h3>\n\n\n\n<p>sebastian@sumena.ee<\/p>\n\n\n\n<h3 class=\"wp-block-heading\"><strong>IT-juht Ren\u00e9 Oruman<\/strong><\/h3>\n\n\n\n<p>sumena@sumena.ee<\/p>\n\n\n\n<p><\/p>","protected":false},"excerpt":{"rendered":"<p>Kui otsid lahendust oma k\u00fcsimusele siis meie tiim aitab teid meiliaadressil: klienditugi@sumena.ee E-poe ladu (Taevav\u00e4rava tee 6b, Rae vald) Uks nr 4 Kui valisid tarneviisiks &#8220;Tulen ise j\u00e4rgi&#8221; siis saad paki meie laost k\u00e4tte, kuid palun oota \u00e4ra e-kiri, et tellimus on komplekteeritud!Lahtiolekuajad: E-R 8:30-17:00L-P Suletud Balti Jaama Turu pood (Kopli 1, Tallinn) Tule k\u00fclasta [&hellip;]<\/p>","protected":false},"author":5,"featured_media":0,"parent":0,"menu_order":0,"comment_status":"closed","ping_status":"closed","template":"templates\/article.php","meta":{"_acf_changed":false,"footnotes":""},"class_list":["post-237","page","type-page","status-publish","hentry"],"acf":[],"_links":{"self":[{"href":"https:\/\/vbd.dev.sumena.ee\/en\/wp-json\/wp\/v2\/pages\/237","targetHints":{"allow":["GET"]}}],"collection":[{"href":"https:\/\/vbd.dev.sumena.ee\/en\/wp-json\/wp\/v2\/pages"}],"about":[{"href":"https:\/\/vbd.dev.sumena.ee\/en\/wp-json\/wp\/v2\/types\/page"}],"author":[{"embeddable":true,"href":"https:\/\/vbd.dev.sumena.ee\/en\/wp-json\/wp\/v2\/users\/5"}],"replies":[{"embeddable":true,"href":"https:\/\/vbd.dev.sumena.ee\/en\/wp-json\/wp\/v2\/comments?post=237"}],"version-history":[{"count":5,"href":"https:\/\/vbd.dev.sumena.ee\/en\/wp-json\/wp\/v2\/pages\/237\/revisions"}],"predecessor-version":[{"id":351349,"href":"https:\/\/vbd.dev.sumena.ee\/en\/wp-json\/wp\/v2\/pages\/237\/revisions\/351349"}],"wp:attachment":[{"href":"https:\/\/vbd.dev.sumena.ee\/en\/wp-json\/wp\/v2\/media?parent=237"}],"curies":[{"name":"wp","href":"https:\/\/api.w.org\/{rel}","templated":true}]}}