{"id":164628,"date":"2024-10-22T11:38:54","date_gmt":"2024-10-22T08:38:54","guid":{"rendered":"https:\/\/test.dev.sumena.ee\/?page_id=164628"},"modified":"2025-07-21T18:44:40","modified_gmt":"2025-07-21T15:44:40","slug":"kaupmeestele","status":"publish","type":"page","link":"https:\/\/vbd.dev.sumena.ee\/en\/kaupmeestele\/","title":{"rendered":"For Merchants"},"content":{"rendered":"<p>Sumena O\u00dc buys stock leftovers including \"Best Before\" expired food products, but our wish is to deal with all kinds of products that would otherwise go to waste. We purchase the goods from various merchants and we sell it through our webshop and physical shops. <span style=\"font-size: revert;\">V\u00e4hendame teie j\u00e4\u00e4tmek\u00e4itluskulusid ja vabastame teie laoruumi.<\/span><\/p>\n<section>\n<section>Contact us and let's make a deal!<\/p>\n<\/section>\n<h3>Joosep Kaljula<\/h3>\n<p>PARTNER<\/p>\n<p>joosep@sumena.ee<\/p>\n<h3>Oliver Sebastian Lamp<\/h3>\n<p>PARTNER<\/p>\n<p>sebastian@sumena.ee<\/p>\n<\/section>","protected":false},"excerpt":{"rendered":"<p>Sumena O\u00dc tegeleb laoj\u00e4\u00e4kide ostu-m\u00fc\u00fcgiga k.a parim enne m\u00f6\u00f6das toidukaubad, kuid meie soov on tegeleda k\u00f5iksugu kaubaga, mis muidu l\u00e4heks \u00e4raviskamisele. Ostame kaupa erinevatelt kaupmeestelt, ning lisame need jaem\u00fc\u00fcki meie erinevatesse m\u00fc\u00fcgikanalitesse. V\u00e4hendame teie j\u00e4\u00e4tmek\u00e4itluskulusid ja vabastame teie laoruumi. V\u00f5ta meiega \u00fchendust ja l\u00f6\u00f6me k\u00e4ed! Joosep Kaljula PARTNER joosep@sumena.ee Oliver Sebastian Lamp PARTNER sebastian@sumena.ee<\/p>","protected":false},"author":5,"featured_media":0,"parent":0,"menu_order":0,"comment_status":"closed","ping_status":"closed","template":"templates\/article.php","meta":{"_acf_changed":false,"footnotes":""},"class_list":["post-164628","page","type-page","status-publish","hentry"],"acf":[],"_links":{"self":[{"href":"https:\/\/vbd.dev.sumena.ee\/en\/wp-json\/wp\/v2\/pages\/164628","targetHints":{"allow":["GET"]}}],"collection":[{"href":"https:\/\/vbd.dev.sumena.ee\/en\/wp-json\/wp\/v2\/pages"}],"about":[{"href":"https:\/\/vbd.dev.sumena.ee\/en\/wp-json\/wp\/v2\/types\/page"}],"author":[{"embeddable":true,"href":"https:\/\/vbd.dev.sumena.ee\/en\/wp-json\/wp\/v2\/users\/5"}],"replies":[{"embeddable":true,"href":"https:\/\/vbd.dev.sumena.ee\/en\/wp-json\/wp\/v2\/comments?post=164628"}],"version-history":[{"count":1,"href":"https:\/\/vbd.dev.sumena.ee\/en\/wp-json\/wp\/v2\/pages\/164628\/revisions"}],"predecessor-version":[{"id":290195,"href":"https:\/\/vbd.dev.sumena.ee\/en\/wp-json\/wp\/v2\/pages\/164628\/revisions\/290195"}],"wp:attachment":[{"href":"https:\/\/vbd.dev.sumena.ee\/en\/wp-json\/wp\/v2\/media?parent=164628"}],"curies":[{"name":"wp","href":"https:\/\/api.w.org\/{rel}","templated":true}]}}